{"id":54,"date":"2021-12-13T07:35:48","date_gmt":"2021-12-13T07:35:48","guid":{"rendered":"https:\/\/oepci.usal.es\/?page_id=54"},"modified":"2022-03-24T22:45:00","modified_gmt":"2022-03-24T22:45:00","slug":"boletin-oepci","status":"publish","type":"page","link":"https:\/\/oepci.usal.es\/en\/boletin-oepci\/","title":{"rendered":"(Espa\u00f1ol) Bolet\u00edn criminol\u00f3gico OEPCI"},"content":{"rendered":"<p class=\"qtranxs-available-languages-message qtranxs-available-languages-message-en\">Sorry, this entry is only available in <a href=\"https:\/\/oepci.usal.es\/es\/wp-json\/wp\/v2\/pages\/54\" class=\"qtranxs-available-language-link qtranxs-available-language-link-es\" title=\"Espa\u00f1ol\">Espa\u00f1ol<\/a>.<\/p>","protected":false},"excerpt":{"rendered":"<p>Sorry, this entry is only available in Espa\u00f1ol.<\/p>\n","protected":false},"author":1,"featured_media":0,"parent":0,"menu_order":0,"comment_status":"closed","ping_status":"closed","template":"","meta":{"footnotes":""},"class_list":["post-54","page","type-page","status-publish","hentry"],"aioseo_notices":[],"_links":{"self":[{"href":"https:\/\/oepci.usal.es\/en\/wp-json\/wp\/v2\/pages\/54","targetHints":{"allow":["GET"]}}],"collection":[{"href":"https:\/\/oepci.usal.es\/en\/wp-json\/wp\/v2\/pages"}],"about":[{"href":"https:\/\/oepci.usal.es\/en\/wp-json\/wp\/v2\/types\/page"}],"author":[{"embeddable":true,"href":"https:\/\/oepci.usal.es\/en\/wp-json\/wp\/v2\/users\/1"}],"replies":[{"embeddable":true,"href":"https:\/\/oepci.usal.es\/en\/wp-json\/wp\/v2\/comments?post=54"}],"version-history":[{"count":5,"href":"https:\/\/oepci.usal.es\/en\/wp-json\/wp\/v2\/pages\/54\/revisions"}],"predecessor-version":[{"id":284,"href":"https:\/\/oepci.usal.es\/en\/wp-json\/wp\/v2\/pages\/54\/revisions\/284"}],"wp:attachment":[{"href":"https:\/\/oepci.usal.es\/en\/wp-json\/wp\/v2\/media?parent=54"}],"curies":[{"name":"wp","href":"https:\/\/api.w.org\/{rel}","templated":true}]}}